{"id":2279,"date":"2018-07-28T16:07:17","date_gmt":"2018-07-28T16:07:17","guid":{"rendered":"https:\/\/tikir.webonalti.net\/index.php\/about-us\/"},"modified":"2022-11-22T08:04:47","modified_gmt":"2022-11-22T08:04:47","slug":"about-us","status":"publish","type":"page","link":"https:\/\/tikirmakina.com\/en\/about-us\/","title":{"rendered":"About Us"},"content":{"rendered":"\t\t<div data-elementor-type=\"wp-post\" data-elementor-id=\"2279\" class=\"elementor elementor-2279\">\n\t\t\t\t\t\t\t\t\t<section class=\"elementor-section elementor-top-section elementor-element elementor-element-10b3474 elementor-section-boxed elementor-section-height-default elementor-section-height-default\" data-id=\"10b3474\" data-element_type=\"section\">\n\t\t\t\t\t\t<div class=\"elementor-container elementor-column-gap-default\">\n\t\t\t\t\t<div class=\"elementor-column elementor-col-100 elementor-top-column elementor-element elementor-element-988c61c elementor-invisible\" data-id=\"988c61c\" data-element_type=\"column\" data-settings=\"{&quot;animation&quot;:&quot;fadeIn&quot;,&quot;animation_delay&quot;:200}\">\n\t\t\t<div class=\"elementor-widget-wrap elementor-element-populated\">\n\t\t\t\t\t\t\t\t<div class=\"elementor-element elementor-element-9cdd897 elementor-widget elementor-widget-text-editor\" data-id=\"9cdd897\" data-element_type=\"widget\" data-widget_type=\"text-editor.default\">\n\t\t\t\t<div class=\"elementor-widget-container\">\n\t\t\t<style>\/*! elementor - v3.7.8 - 02-10-2022 *\/\n.elementor-widget-text-editor.elementor-drop-cap-view-stacked .elementor-drop-cap{background-color:#818a91;color:#fff}.elementor-widget-text-editor.elementor-drop-cap-view-framed .elementor-drop-cap{color:#818a91;border:3px solid;background-color:transparent}.elementor-widget-text-editor:not(.elementor-drop-cap-view-default) .elementor-drop-cap{margin-top:8px}.elementor-widget-text-editor:not(.elementor-drop-cap-view-default) .elementor-drop-cap-letter{width:1em;height:1em}.elementor-widget-text-editor .elementor-drop-cap{float:left;text-align:center;line-height:1;font-size:50px}.elementor-widget-text-editor .elementor-drop-cap-letter{display:inline-block}<\/style>\t\t\t\t<div class=\"x-text\"><div class=\"kc-elm kc-css-644963 kc_text_block\"><p style=\"text-align: left;\">\u00a0 \u00a0 \u00a0TIKIR MAK\u0130NA SANAY\u0130 ve T\u0130C. LTD. \u015eT\u0130. was established by Arma\u011fan \u00c7UBUK\u00c7U in 1986 as a family company in Bursa, the heart of the Turkish Automotive industry.<\/p><p style=\"text-align: left;\">\u00a0 \u00a0 \u00a0Our company, which was established in a 100m\u00b2 workshop in Dua\u00e7\u0131nar\u0131 Mahallesi, has been serving in Kestel O.S.B in a 4250m\u00b2 open and 2500m\u00b2 closed area since 1993.<\/p><p style=\"text-align: left;\">\u00a0 \u00a0 \u00a0Since the first day of our establishment, our commitment to work, from our loyalty, understanding of quality, habit of combining the latest technology with our experience, most importantly, without compromising customer satisfaction we serve you.<\/p><p style=\"text-align: left;\">\u00a0 \u00a0 \u00a0By adopting our slogan \u201cSolution Provider&#8221;, we approach our customers\u2019 problems with interest, provide alternative solutions by researching the causes and consequences of the problems in detail, with the most accurate and optimum solutions in line with our customers\u2019 special needs;<\/p><p style=\"text-align: left;\">We continue to serve our valued customers.<\/p><\/div><\/div>\t\t\t\t\t\t<\/div>\n\t\t\t\t<\/div>\n\t\t\t\t\t<\/div>\n\t\t<\/div>\n\t\t\t\t\t\t\t<\/div>\n\t\t<\/section>\n\t\t\t\t<section class=\"elementor-section elementor-top-section elementor-element elementor-element-1323f24 elementor-section-boxed elementor-section-height-default elementor-section-height-default\" data-id=\"1323f24\" data-element_type=\"section\">\n\t\t\t\t\t\t<div class=\"elementor-container elementor-column-gap-default\">\n\t\t\t\t\t<div class=\"elementor-column elementor-col-16 elementor-top-column elementor-element elementor-element-50b4e7b\" data-id=\"50b4e7b\" data-element_type=\"column\">\n\t\t\t<div class=\"elementor-widget-wrap\">\n\t\t\t\t\t\t\t\t\t<\/div>\n\t\t<\/div>\n\t\t\t\t<div class=\"elementor-column elementor-col-66 elementor-top-column elementor-element elementor-element-b7ca97e\" data-id=\"b7ca97e\" data-element_type=\"column\">\n\t\t\t<div class=\"elementor-widget-wrap elementor-element-populated\">\n\t\t\t\t\t\t\t\t<div data-over-color=\"\" data-over=\"overlay\" class=\"elementor-element elementor-element-b7dbfaa elementor-aspect-ratio-169 elementor-widget elementor-widget-video\" data-id=\"b7dbfaa\" data-element_type=\"widget\" data-settings=\"{&quot;youtube_url&quot;:&quot;https:\\\/\\\/www.youtube.com\\\/watch?v=EZTqEc5SmG0&quot;,&quot;video_type&quot;:&quot;youtube&quot;,&quot;aspect_ratio&quot;:&quot;169&quot;}\" data-widget_type=\"video.default\">\n\t\t\t\t<div class=\"elementor-widget-container\">\n\t\t\t<style>\/*! elementor - v3.7.8 - 02-10-2022 *\/\n.elementor-widget-video .elementor-widget-container{overflow:hidden;-webkit-transform:translateZ(0);transform:translateZ(0)}.elementor-widget-video .elementor-open-inline .elementor-custom-embed-image-overlay{position:absolute;top:0;left:0;width:100%;height:100%;background-size:cover;background-position:50%}.elementor-widget-video .elementor-custom-embed-image-overlay{cursor:pointer;text-align:center}.elementor-widget-video .elementor-custom-embed-image-overlay:hover .elementor-custom-embed-play i{opacity:1}.elementor-widget-video .elementor-custom-embed-image-overlay img{display:block;width:100%}.elementor-widget-video .e-hosted-video .elementor-video{-o-object-fit:cover;object-fit:cover}.e-container>.elementor-widget-video{width:var(--container-widget-width,100%)}<\/style>\t\t<div class=\"elementor-wrapper elementor-fit-aspect-ratio elementor-open-inline\">\n\t\t\t<div class=\"elementor-video\"><\/div>\t\t<\/div>\n\t\t\t\t<\/div>\n\t\t\t\t<\/div>\n\t\t\t\t\t<\/div>\n\t\t<\/div>\n\t\t\t\t<div class=\"elementor-column elementor-col-16 elementor-top-column elementor-element elementor-element-dabe93b\" data-id=\"dabe93b\" data-element_type=\"column\">\n\t\t\t<div class=\"elementor-widget-wrap\">\n\t\t\t\t\t\t\t\t\t<\/div>\n\t\t<\/div>\n\t\t\t\t\t\t\t<\/div>\n\t\t<\/section>\n\t\t\t\t<section class=\"elementor-section elementor-top-section elementor-element elementor-element-21fb7e7 elementor-section-boxed elementor-section-height-default elementor-section-height-default\" data-id=\"21fb7e7\" data-element_type=\"section\">\n\t\t\t\t\t\t<div class=\"elementor-container elementor-column-gap-default\">\n\t\t\t\t\t<div class=\"elementor-column elementor-col-25 elementor-top-column elementor-element elementor-element-6c9cf78 elementor-invisible\" data-id=\"6c9cf78\" data-element_type=\"column\" data-settings=\"{&quot;animation&quot;:&quot;fadeInUp&quot;,&quot;animation_delay&quot;:600}\">\n\t\t\t<div class=\"elementor-widget-wrap elementor-element-populated\">\n\t\t\t\t\t\t\t\t<div class=\"elementor-element elementor-element-1c8eec9 elementor-widget elementor-widget-sm-service-block\" data-id=\"1c8eec9\" data-element_type=\"widget\" data-widget_type=\"sm-service-block.default\">\n\t\t\t\t<div class=\"elementor-widget-container\">\n\t\t\t\t\t<div class=\"man_service_block man_hover_margin\">\t\n\t\t\t<i class=\"industrial-061-conveyor-6 sm_icon\"><\/i>\n\t\t\t<h4 >Industry 4.0<\/h4>\n\t\t\t<p >Offers new generation solutions.<\/p>\n\t\t\t\t\t<\/div>\n\n\t\t\t<\/div>\n\t\t\t\t<\/div>\n\t\t\t\t\t<\/div>\n\t\t<\/div>\n\t\t\t\t<div class=\"elementor-column elementor-col-25 elementor-top-column elementor-element elementor-element-2dbe084 elementor-invisible\" data-id=\"2dbe084\" data-element_type=\"column\" data-settings=\"{&quot;animation&quot;:&quot;fadeInUp&quot;,&quot;animation_delay&quot;:800}\">\n\t\t\t<div class=\"elementor-widget-wrap elementor-element-populated\">\n\t\t\t\t\t\t\t\t<div class=\"elementor-element elementor-element-9702675 elementor-widget elementor-widget-sm-service-block\" data-id=\"9702675\" data-element_type=\"widget\" data-widget_type=\"sm-service-block.default\">\n\t\t\t\t<div class=\"elementor-widget-container\">\n\t\t\t\t\t<div class=\"man_service_block man_hover_margin\">\t\n\t\t\t<i class=\"image-024-monitor sm_icon\"><\/i>\n\t\t\t<h4 >Special for Customer<\/h4>\n\t\t\t<p >Produces special design projects by presenting customer-specific creative ideas.<\/p>\n\t\t\t\t\t<\/div>\n\n\t\t\t<\/div>\n\t\t\t\t<\/div>\n\t\t\t\t\t<\/div>\n\t\t<\/div>\n\t\t\t\t<div class=\"elementor-column elementor-col-25 elementor-top-column elementor-element elementor-element-ef55d56 elementor-invisible\" data-id=\"ef55d56\" data-element_type=\"column\" data-settings=\"{&quot;animation&quot;:&quot;fadeInUp&quot;,&quot;animation_delay&quot;:1000}\">\n\t\t\t<div class=\"elementor-widget-wrap elementor-element-populated\">\n\t\t\t\t\t\t\t\t<div class=\"elementor-element elementor-element-466e52c elementor-widget elementor-widget-sm-service-block\" data-id=\"466e52c\" data-element_type=\"widget\" data-widget_type=\"sm-service-block.default\">\n\t\t\t\t<div class=\"elementor-widget-container\">\n\t\t\t\t\t<div class=\"man_service_block man_hover_margin\">\t\n\t\t\t<i class=\"industrial-061-conveyor sm_icon\"><\/i>\n\t\t\t<h4 >Durability<\/h4>\n\t\t\t<p >Durability is the principle of production.<\/p>\n\t\t\t\t\t<\/div>\n\n\t\t\t<\/div>\n\t\t\t\t<\/div>\n\t\t\t\t\t<\/div>\n\t\t<\/div>\n\t\t\t\t<div class=\"elementor-column elementor-col-25 elementor-top-column elementor-element elementor-element-d5b0071 elementor-invisible\" data-id=\"d5b0071\" data-element_type=\"column\" data-settings=\"{&quot;animation&quot;:&quot;fadeInUp&quot;,&quot;animation_delay&quot;:1000}\">\n\t\t\t<div class=\"elementor-widget-wrap elementor-element-populated\">\n\t\t\t\t\t\t\t\t<div class=\"elementor-element elementor-element-0760119 elementor-widget elementor-widget-sm-service-block\" data-id=\"0760119\" data-element_type=\"widget\" data-widget_type=\"sm-service-block.default\">\n\t\t\t\t<div class=\"elementor-widget-container\">\n\t\t\t\t\t<div class=\"man_service_block man_hover_margin\">\t\n\t\t\t<i class=\"image-027-blur sm_icon\"><\/i>\n\t\t\t<h4 >Productivity<\/h4>\n\t\t\t<p >Efficiency is based on machine design.<\/p>\n\t\t\t\t\t<\/div>\n\n\t\t\t<\/div>\n\t\t\t\t<\/div>\n\t\t\t\t\t<\/div>\n\t\t<\/div>\n\t\t\t\t\t\t\t<\/div>\n\t\t<\/section>\n\t\t\t\t\t\t\t<\/div>\n\t\t","protected":false},"excerpt":{"rendered":"<p>\u00a0 \u00a0 \u00a0TIKIR MAK\u0130NA SANAY\u0130 ve T\u0130C. LTD. \u015eT\u0130. was established by Arma\u011fan \u00c7UBUK\u00c7U in 1986 as a&#8230;<\/p>\n","protected":false},"author":1,"featured_media":0,"parent":0,"menu_order":0,"comment_status":"closed","ping_status":"closed","template":"elementor_header_footer","meta":{"footnotes":""},"class_list":["post-2279","page","type-page","status-publish","hentry"],"_links":{"self":[{"href":"https:\/\/tikirmakina.com\/en\/wp-json\/wp\/v2\/pages\/2279","targetHints":{"allow":["GET"]}}],"collection":[{"href":"https:\/\/tikirmakina.com\/en\/wp-json\/wp\/v2\/pages"}],"about":[{"href":"https:\/\/tikirmakina.com\/en\/wp-json\/wp\/v2\/types\/page"}],"author":[{"embeddable":true,"href":"https:\/\/tikirmakina.com\/en\/wp-json\/wp\/v2\/users\/1"}],"replies":[{"embeddable":true,"href":"https:\/\/tikirmakina.com\/en\/wp-json\/wp\/v2\/comments?post=2279"}],"version-history":[{"count":49,"href":"https:\/\/tikirmakina.com\/en\/wp-json\/wp\/v2\/pages\/2279\/revisions"}],"predecessor-version":[{"id":4793,"href":"https:\/\/tikirmakina.com\/en\/wp-json\/wp\/v2\/pages\/2279\/revisions\/4793"}],"wp:attachment":[{"href":"https:\/\/tikirmakina.com\/en\/wp-json\/wp\/v2\/media?parent=2279"}],"curies":[{"name":"wp","href":"https:\/\/api.w.org\/{rel}","templated":true}]}}