{"id":4938,"date":"2022-11-28T13:32:24","date_gmt":"2022-11-28T13:32:24","guid":{"rendered":"https:\/\/tikirmakina.com\/?page_id=4938"},"modified":"2022-11-28T14:11:38","modified_gmt":"2022-11-28T14:11:38","slug":"aydinlatma-metni-2","status":"publish","type":"page","link":"https:\/\/tikirmakina.com\/en\/aydinlatma-metni-2\/","title":{"rendered":"Ayd\u0131nlatma Metni"},"content":{"rendered":"<p><a href=\"https:\/\/tikirmakina.com\/wp-content\/uploads\/2022\/11\/TIKIR-MAKINA-FIYAT-TEKLIFI-AYDINLATMA-METNI-1.pdf\">TIKIR MAK\u0130NA F\u0130YAT TEKL\u0130F\u0130 AYDINLATMA METN\u0130 (1)<\/a><\/p>\n","protected":false},"excerpt":{"rendered":"<p>TIKIR MAK\u0130NA F\u0130YAT TEKL\u0130F\u0130 AYDINLATMA METN\u0130 (1)<\/p>\n","protected":false},"author":1,"featured_media":0,"parent":0,"menu_order":0,"comment_status":"closed","ping_status":"closed","template":"","meta":{"footnotes":""},"class_list":["post-4938","page","type-page","status-publish","hentry"],"_links":{"self":[{"href":"https:\/\/tikirmakina.com\/en\/wp-json\/wp\/v2\/pages\/4938","targetHints":{"allow":["GET"]}}],"collection":[{"href":"https:\/\/tikirmakina.com\/en\/wp-json\/wp\/v2\/pages"}],"about":[{"href":"https:\/\/tikirmakina.com\/en\/wp-json\/wp\/v2\/types\/page"}],"author":[{"embeddable":true,"href":"https:\/\/tikirmakina.com\/en\/wp-json\/wp\/v2\/users\/1"}],"replies":[{"embeddable":true,"href":"https:\/\/tikirmakina.com\/en\/wp-json\/wp\/v2\/comments?post=4938"}],"version-history":[{"count":1,"href":"https:\/\/tikirmakina.com\/en\/wp-json\/wp\/v2\/pages\/4938\/revisions"}],"predecessor-version":[{"id":4958,"href":"https:\/\/tikirmakina.com\/en\/wp-json\/wp\/v2\/pages\/4938\/revisions\/4958"}],"wp:attachment":[{"href":"https:\/\/tikirmakina.com\/en\/wp-json\/wp\/v2\/media?parent=4938"}],"curies":[{"name":"wp","href":"https:\/\/api.w.org\/{rel}","templated":true}]}}